{"id":38149,"date":"2022-09-12T10:47:52","date_gmt":"2022-09-12T08:47:52","guid":{"rendered":"https:\/\/www.paolazovar.com\/eshop-produit\/celebration-bracelet\/"},"modified":"2025-01-14T21:25:22","modified_gmt":"2025-01-14T20:25:22","slug":"celebration-bracelet","status":"publish","type":"product","link":"https:\/\/www.paolazovar.com\/en\/eshop-produit\/celebration-bracelet\/","title":{"rendered":"Celebration Bracelet"},"content":{"rendered":"<div class=\"fusion-fullwidth fullwidth-box fusion-builder-row-1 fusion-flex-container nonhundred-percent-fullwidth non-hundred-percent-height-scrolling\" style=\"--awb-border-radius-top-left:0px;--awb-border-radius-top-right:0px;--awb-border-radius-bottom-right:0px;--awb-border-radius-bottom-left:0px;--awb-flex-wrap:wrap;\" ><div class=\"fusion-builder-row fusion-row fusion-flex-align-items-flex-start fusion-flex-content-wrap\" style=\"max-width:1435.2px;margin-left: calc(-4% \/ 2 );margin-right: calc(-4% \/ 2 );\"><div class=\"fusion-layout-column fusion_builder_column fusion-builder-column-0 fusion_builder_column_1_1 1_1 fusion-flex-column\" style=\"--awb-bg-size:cover;--awb-width-large:100%;--awb-margin-top-large:0px;--awb-spacing-right-large:1.92%;--awb-margin-bottom-large:0px;--awb-spacing-left-large:1.92%;--awb-width-medium:100%;--awb-spacing-right-medium:1.92%;--awb-spacing-left-medium:1.92%;--awb-width-small:100%;--awb-spacing-right-small:1.92%;--awb-spacing-left-small:1.92%;\"><div class=\"fusion-column-wrapper fusion-flex-justify-content-flex-start fusion-content-layout-column\"><div class=\"fusion-text fusion-text-1\"><p>&#8220;A diamond, protected by a circle of gold. A simple, timeless design for this bracelet from the C\u00e9l\u00e9bration collection, which caresses our wrists with French elegance. Diamonds, a pledge of enduring love. A perfect gift for an anniversary. A celebration &#8220;The C\u00e9l\u00e9bration collection came from the simple idea of creating a piece of birth jewelry that was a departure from the classic medal with an engraved name. I wanted the jewel to symbolize the precious bond we have with our child. At that moment, I decided that diamonds were the most precious stone and the most appropriate representation to honor this unique bond. The necklace is available with 1, 2 or 3 diamonds and can be CUSTOMIZED. The C\u00e9l\u00e9bration collection is also a celebration of OUR HISTORY, an invitation to celebrate ourselves. To celebrate the unique and precious being we are.<\/p>\n<\/div><\/div><\/div><\/div><\/div>\n","protected":false},"excerpt":{"rendered":"<p>Weight 18-carat gold (750\/1000th): 1.25gr<br \/>\nDiamond: 0.05 carat, GHSI quality<br \/>\nDiameter of circle: 10mm<br \/>\nLength 18cm &#8211; return ring at 16cm<\/p>\n<p><strong>Imagin\u00e9 &amp; cr\u00e9\u00e9 en France<\/strong><br \/>\nDelivery times may be up to 3 weeks.<\/p>\n","protected":false},"featured_media":36996,"comment_status":"open","ping_status":"closed","template":"","meta":[],"product_brand":[],"product_cat":[260,261,250,249,263,251,242],"product_tag":[],"class_list":{"0":"post-38149","1":"product","2":"type-product","3":"status-publish","4":"has-post-thumbnail","6":"product_cat-bracelets-en","7":"product_cat-bracelets-en-2","8":"product_cat-celebration-en","9":"product_cat-collections-en","10":"product_cat-engagement","11":"product_cat-selection-en","12":"product_cat-wedding","14":"first","15":"instock","16":"taxable","17":"shipping-taxable","18":"purchasable","19":"product-type-variable","20":"has-default-attributes"},"_links":{"self":[{"href":"https:\/\/www.paolazovar.com\/en\/wp-json\/wp\/v2\/product\/38149","targetHints":{"allow":["GET"]}}],"collection":[{"href":"https:\/\/www.paolazovar.com\/en\/wp-json\/wp\/v2\/product"}],"about":[{"href":"https:\/\/www.paolazovar.com\/en\/wp-json\/wp\/v2\/types\/product"}],"replies":[{"embeddable":true,"href":"https:\/\/www.paolazovar.com\/en\/wp-json\/wp\/v2\/comments?post=38149"}],"wp:featuredmedia":[{"embeddable":true,"href":"https:\/\/www.paolazovar.com\/en\/wp-json\/wp\/v2\/media\/36996"}],"wp:attachment":[{"href":"https:\/\/www.paolazovar.com\/en\/wp-json\/wp\/v2\/media?parent=38149"}],"wp:term":[{"taxonomy":"product_brand","embeddable":true,"href":"https:\/\/www.paolazovar.com\/en\/wp-json\/wp\/v2\/product_brand?post=38149"},{"taxonomy":"product_cat","embeddable":true,"href":"https:\/\/www.paolazovar.com\/en\/wp-json\/wp\/v2\/product_cat?post=38149"},{"taxonomy":"product_tag","embeddable":true,"href":"https:\/\/www.paolazovar.com\/en\/wp-json\/wp\/v2\/product_tag?post=38149"}],"curies":[{"name":"wp","href":"https:\/\/api.w.org\/{rel}","templated":true}]}}