{"id":38135,"date":"2022-09-12T14:39:28","date_gmt":"2022-09-12T12:39:28","guid":{"rendered":"https:\/\/www.paolazovar.com\/eshop-produit\/petit-regard-onyx-black-necklace\/"},"modified":"2025-01-14T21:25:22","modified_gmt":"2025-01-14T20:25:22","slug":"petit-regard-onyx-black-necklace","status":"publish","type":"product","link":"https:\/\/www.paolazovar.com\/en\/eshop-produit\/petit-regard-onyx-black-necklace\/","title":{"rendered":"Petit Regard Onyx black necklace"},"content":{"rendered":"<div class=\"fusion-fullwidth fullwidth-box fusion-builder-row-1 fusion-flex-container nonhundred-percent-fullwidth non-hundred-percent-height-scrolling\" style=\"--awb-border-radius-top-left:0px;--awb-border-radius-top-right:0px;--awb-border-radius-bottom-right:0px;--awb-border-radius-bottom-left:0px;--awb-flex-wrap:wrap;\" ><div class=\"fusion-builder-row fusion-row fusion-flex-align-items-flex-start fusion-flex-content-wrap\" style=\"max-width:1435.2px;margin-left: calc(-4% \/ 2 );margin-right: calc(-4% \/ 2 );\"><div class=\"fusion-layout-column fusion_builder_column fusion-builder-column-0 fusion_builder_column_1_1 1_1 fusion-flex-column\" style=\"--awb-bg-size:cover;--awb-width-large:100%;--awb-margin-top-large:0px;--awb-spacing-right-large:1.92%;--awb-margin-bottom-large:0px;--awb-spacing-left-large:1.92%;--awb-width-medium:100%;--awb-spacing-right-medium:1.92%;--awb-spacing-left-medium:1.92%;--awb-width-small:100%;--awb-spacing-right-small:1.92%;--awb-spacing-left-small:1.92%;\"><div class=\"fusion-column-wrapper fusion-flex-justify-content-flex-start fusion-content-layout-column\"><div class=\"fusion-text fusion-text-1\"><p>&#8220;Representing the awakening of consciousness, gold is the element of spirituality, happiness and good health. Onyx helps strengthen self-esteem, and is the stone of stability. In the Petit Regard necklace, the stone is in constant motion in its gold ring. It lives with you every day. A beautiful combination of softness to wrap around your neck and never leave.&#8221;<\/p>\n<\/div><\/div><\/div><\/div><\/div>\n","protected":false},"excerpt":{"rendered":"<p>Weight 18K gold (750\/1000th): 2.3 gr<br \/>\nFine faceted stone: 10mm<br \/>\nCircle diameter: 18mm<br \/>\nChain length: 42 cm, one intermediate ring at 40cm.<br \/>\n<strong>Imagin\u00e9 &amp; cr\u00e9\u00e9 en France<\/strong><br \/>\nPlease allow up to 3 weeks for delivery.<\/p>\n","protected":false},"featured_media":36060,"comment_status":"open","ping_status":"closed","template":"","meta":[],"product_brand":[],"product_cat":[244,246],"product_tag":[],"class_list":{"0":"post-38135","1":"product","2":"type-product","3":"status-publish","4":"has-post-thumbnail","6":"product_cat-look","7":"product_cat-necklaces","9":"first","10":"instock","11":"taxable","12":"shipping-taxable","13":"purchasable","14":"product-type-variable","15":"has-default-attributes"},"_links":{"self":[{"href":"https:\/\/www.paolazovar.com\/en\/wp-json\/wp\/v2\/product\/38135","targetHints":{"allow":["GET"]}}],"collection":[{"href":"https:\/\/www.paolazovar.com\/en\/wp-json\/wp\/v2\/product"}],"about":[{"href":"https:\/\/www.paolazovar.com\/en\/wp-json\/wp\/v2\/types\/product"}],"replies":[{"embeddable":true,"href":"https:\/\/www.paolazovar.com\/en\/wp-json\/wp\/v2\/comments?post=38135"}],"wp:featuredmedia":[{"embeddable":true,"href":"https:\/\/www.paolazovar.com\/en\/wp-json\/wp\/v2\/media\/36060"}],"wp:attachment":[{"href":"https:\/\/www.paolazovar.com\/en\/wp-json\/wp\/v2\/media?parent=38135"}],"wp:term":[{"taxonomy":"product_brand","embeddable":true,"href":"https:\/\/www.paolazovar.com\/en\/wp-json\/wp\/v2\/product_brand?post=38135"},{"taxonomy":"product_cat","embeddable":true,"href":"https:\/\/www.paolazovar.com\/en\/wp-json\/wp\/v2\/product_cat?post=38135"},{"taxonomy":"product_tag","embeddable":true,"href":"https:\/\/www.paolazovar.com\/en\/wp-json\/wp\/v2\/product_tag?post=38135"}],"curies":[{"name":"wp","href":"https:\/\/api.w.org\/{rel}","templated":true}]}}