{"id":38079,"date":"2022-09-12T15:06:10","date_gmt":"2022-09-12T13:06:10","guid":{"rendered":"https:\/\/www.paolazovar.com\/eshop-produit\/necklace-petit-regard-jade-nephrite\/"},"modified":"2025-01-14T21:25:10","modified_gmt":"2025-01-14T20:25:10","slug":"necklace-petit-regard-jade-nephrite","status":"publish","type":"product","link":"https:\/\/www.paolazovar.com\/en\/eshop-produit\/necklace-petit-regard-jade-nephrite\/","title":{"rendered":"Necklace Petit Regard Jade Nephrite"},"content":{"rendered":"<div class=\"fusion-fullwidth fullwidth-box fusion-builder-row-1 fusion-flex-container nonhundred-percent-fullwidth non-hundred-percent-height-scrolling\" style=\"--awb-border-radius-top-left:0px;--awb-border-radius-top-right:0px;--awb-border-radius-bottom-right:0px;--awb-border-radius-bottom-left:0px;--awb-flex-wrap:wrap;\" ><div class=\"fusion-builder-row fusion-row fusion-flex-align-items-flex-start fusion-flex-content-wrap\" style=\"max-width:1435.2px;margin-left: calc(-4% \/ 2 );margin-right: calc(-4% \/ 2 );\"><div class=\"fusion-layout-column fusion_builder_column fusion-builder-column-0 fusion_builder_column_1_1 1_1 fusion-flex-column\" style=\"--awb-bg-size:cover;--awb-width-large:100%;--awb-margin-top-large:0px;--awb-spacing-right-large:1.92%;--awb-margin-bottom-large:0px;--awb-spacing-left-large:1.92%;--awb-width-medium:100%;--awb-spacing-right-medium:1.92%;--awb-spacing-left-medium:1.92%;--awb-width-small:100%;--awb-spacing-right-small:1.92%;--awb-spacing-left-small:1.92%;\"><div class=\"fusion-column-wrapper fusion-flex-justify-content-flex-start fusion-content-layout-column\"><div class=\"fusion-text fusion-text-1\"><p>&#8220;Representing the awakening of consciousness, gold is the element of spirituality, happiness and good health. Nephrite jade corresponds to kidney energy. It is known as the &#8220;stone of longevity&#8221;. Jade is known for its regenerative and balancing powers. In the Petit Regard necklace, the stone is in constant motion in its gold ring. It lives with you every day. A beautiful combination of softness to wrap around your neck and never leave.&#8221;<\/p>\n<\/div><\/div><\/div><\/div><\/div>\n","protected":false},"excerpt":{"rendered":"<p>Weight 18K gold (750\/1000th): 2.3 gr<br \/>\nFine faceted stone: 10mm<br \/>\nCircle diameter: 18mm<br \/>\nChain length: 42 cm, one intermediate ring at 40cm.<br \/>\n<strong>Imagin\u00e9 &amp; cr\u00e9\u00e9 en France<\/strong><br \/>\nPlease allow up to 3 weeks for delivery.<\/p>\n","protected":false},"featured_media":36052,"comment_status":"open","ping_status":"closed","template":"","meta":[],"product_brand":[],"product_cat":[244,246,252],"product_tag":[],"class_list":{"0":"post-38079","1":"product","2":"type-product","3":"status-publish","4":"has-post-thumbnail","6":"product_cat-look","7":"product_cat-necklaces","8":"product_cat-necklaces-en","10":"first","11":"instock","12":"taxable","13":"shipping-taxable","14":"purchasable","15":"product-type-variable","16":"has-default-attributes"},"_links":{"self":[{"href":"https:\/\/www.paolazovar.com\/en\/wp-json\/wp\/v2\/product\/38079","targetHints":{"allow":["GET"]}}],"collection":[{"href":"https:\/\/www.paolazovar.com\/en\/wp-json\/wp\/v2\/product"}],"about":[{"href":"https:\/\/www.paolazovar.com\/en\/wp-json\/wp\/v2\/types\/product"}],"replies":[{"embeddable":true,"href":"https:\/\/www.paolazovar.com\/en\/wp-json\/wp\/v2\/comments?post=38079"}],"wp:featuredmedia":[{"embeddable":true,"href":"https:\/\/www.paolazovar.com\/en\/wp-json\/wp\/v2\/media\/36052"}],"wp:attachment":[{"href":"https:\/\/www.paolazovar.com\/en\/wp-json\/wp\/v2\/media?parent=38079"}],"wp:term":[{"taxonomy":"product_brand","embeddable":true,"href":"https:\/\/www.paolazovar.com\/en\/wp-json\/wp\/v2\/product_brand?post=38079"},{"taxonomy":"product_cat","embeddable":true,"href":"https:\/\/www.paolazovar.com\/en\/wp-json\/wp\/v2\/product_cat?post=38079"},{"taxonomy":"product_tag","embeddable":true,"href":"https:\/\/www.paolazovar.com\/en\/wp-json\/wp\/v2\/product_tag?post=38079"}],"curies":[{"name":"wp","href":"https:\/\/api.w.org\/{rel}","templated":true}]}}