{"id":37937,"date":"2023-03-27T16:39:17","date_gmt":"2023-03-27T14:39:17","guid":{"rendered":"https:\/\/www.paolazovar.com\/eshop-produit\/my-little-lapis-lazuli-necklace-2\/"},"modified":"2025-01-14T21:24:52","modified_gmt":"2025-01-14T20:24:52","slug":"my-little-lapis-lazuli-necklace-2","status":"publish","type":"product","link":"https:\/\/www.paolazovar.com\/en\/eshop-produit\/my-little-lapis-lazuli-necklace-2\/","title":{"rendered":"My Little Lapis Lazuli necklace"},"content":{"rendered":"<div class=\"fusion-fullwidth fullwidth-box fusion-builder-row-1 fusion-flex-container nonhundred-percent-fullwidth non-hundred-percent-height-scrolling\" style=\"--awb-border-radius-top-left:0px;--awb-border-radius-top-right:0px;--awb-border-radius-bottom-right:0px;--awb-border-radius-bottom-left:0px;--awb-flex-wrap:wrap;\" ><div class=\"fusion-builder-row fusion-row fusion-flex-align-items-flex-start fusion-flex-content-wrap\" style=\"max-width:1435.2px;margin-left: calc(-4% \/ 2 );margin-right: calc(-4% \/ 2 );\"><div class=\"fusion-layout-column fusion_builder_column fusion-builder-column-0 fusion_builder_column_1_1 1_1 fusion-flex-column\" style=\"--awb-bg-size:cover;--awb-width-large:100%;--awb-margin-top-large:0px;--awb-spacing-right-large:1.92%;--awb-margin-bottom-large:0px;--awb-spacing-left-large:1.92%;--awb-width-medium:100%;--awb-spacing-right-medium:1.92%;--awb-spacing-left-medium:1.92%;--awb-width-small:100%;--awb-spacing-right-small:1.92%;--awb-spacing-left-small:1.92%;\"><div class=\"fusion-column-wrapper fusion-flex-justify-content-flex-start fusion-content-layout-column\"><div class=\"fusion-text fusion-text-1\"><p>&#8220;I love the My Little necklace for its discretion while bringing a colorful touch to our daily lives. Lapis lazuli is a very deep stone. It turns on its axis, free, in the gold circle of the My Little necklace. The necklace nestles discreetly in your neck for a light, sparkling effect. &#8221;<\/p>\n<\/div><\/div><\/div><\/div><\/div>\n","protected":false},"excerpt":{"rendered":"<p>Weight 18K gold (750\/1000th): 1.85 gr<br \/>\nFine faceted stone: 8mm<br \/>\nCircle diameter: 10mm<br \/>\nChain length: 42cm, one intermediate ring at 40cm.<br \/>\n<strong>Imagin\u00e9 &amp; cr\u00e9\u00e9 en France<\/strong><br \/>\nPlease allow up to 3 weeks for delivery.<\/p>\n","protected":false},"featured_media":36567,"comment_status":"open","ping_status":"closed","template":"","meta":[],"product_brand":[],"product_cat":[247,246,252],"product_tag":[],"class_list":{"0":"post-37937","1":"product","2":"type-product","3":"status-publish","4":"has-post-thumbnail","6":"product_cat-my-little-en","7":"product_cat-necklaces","8":"product_cat-necklaces-en","10":"first","11":"instock","12":"taxable","13":"shipping-taxable","14":"purchasable","15":"product-type-variable","16":"has-default-attributes"},"_links":{"self":[{"href":"https:\/\/www.paolazovar.com\/en\/wp-json\/wp\/v2\/product\/37937","targetHints":{"allow":["GET"]}}],"collection":[{"href":"https:\/\/www.paolazovar.com\/en\/wp-json\/wp\/v2\/product"}],"about":[{"href":"https:\/\/www.paolazovar.com\/en\/wp-json\/wp\/v2\/types\/product"}],"replies":[{"embeddable":true,"href":"https:\/\/www.paolazovar.com\/en\/wp-json\/wp\/v2\/comments?post=37937"}],"wp:featuredmedia":[{"embeddable":true,"href":"https:\/\/www.paolazovar.com\/en\/wp-json\/wp\/v2\/media\/36567"}],"wp:attachment":[{"href":"https:\/\/www.paolazovar.com\/en\/wp-json\/wp\/v2\/media?parent=37937"}],"wp:term":[{"taxonomy":"product_brand","embeddable":true,"href":"https:\/\/www.paolazovar.com\/en\/wp-json\/wp\/v2\/product_brand?post=37937"},{"taxonomy":"product_cat","embeddable":true,"href":"https:\/\/www.paolazovar.com\/en\/wp-json\/wp\/v2\/product_cat?post=37937"},{"taxonomy":"product_tag","embeddable":true,"href":"https:\/\/www.paolazovar.com\/en\/wp-json\/wp\/v2\/product_tag?post=37937"}],"curies":[{"name":"wp","href":"https:\/\/api.w.org\/{rel}","templated":true}]}}