{"id":37852,"date":"2024-10-18T10:02:51","date_gmt":"2024-10-18T08:02:51","guid":{"rendered":"https:\/\/www.paolazovar.com\/eshop-produit\/my-little-onyx-necklace\/"},"modified":"2025-01-14T21:24:41","modified_gmt":"2025-01-14T20:24:41","slug":"my-little-onyx-necklace","status":"publish","type":"product","link":"https:\/\/www.paolazovar.com\/en\/eshop-produit\/my-little-onyx-necklace\/","title":{"rendered":"My Little Onyx necklace"},"content":{"rendered":"<div class=\"fusion-fullwidth fullwidth-box fusion-builder-row-1 fusion-flex-container nonhundred-percent-fullwidth non-hundred-percent-height-scrolling\" style=\"--awb-border-radius-top-left:0px;--awb-border-radius-top-right:0px;--awb-border-radius-bottom-right:0px;--awb-border-radius-bottom-left:0px;--awb-flex-wrap:wrap;\" ><div class=\"fusion-builder-row fusion-row fusion-flex-align-items-flex-start fusion-flex-content-wrap\" style=\"max-width:1435.2px;margin-left: calc(-4% \/ 2 );margin-right: calc(-4% \/ 2 );\"><div class=\"fusion-layout-column fusion_builder_column fusion-builder-column-0 fusion_builder_column_1_1 1_1 fusion-flex-column\" style=\"--awb-bg-size:cover;--awb-width-large:100%;--awb-margin-top-large:0px;--awb-spacing-right-large:1.92%;--awb-margin-bottom-large:0px;--awb-spacing-left-large:1.92%;--awb-width-medium:100%;--awb-spacing-right-medium:1.92%;--awb-spacing-left-medium:1.92%;--awb-width-small:100%;--awb-spacing-right-small:1.92%;--awb-spacing-left-small:1.92%;\"><div class=\"fusion-column-wrapper fusion-flex-justify-content-flex-start fusion-content-layout-column\"><div class=\"fusion-text fusion-text-1\"><p>&#8220;I love the My Little necklace for its discretion while adding a colorful touch to our daily lives.<\/p>\n<p class=\"p1\">Onyx is the stone of stability and protection. It helps strengthen self-esteem.<br \/>\nIn astrology, Onyx is associated with the signs of Leo, Capricorn and Sagittarius. <\/p>\n<p>It turns on its own axis, free, in the gold circle of the My Little necklace. The necklace nestles discreetly in your neck for a light, sparkling effect. &#8221;<\/p>\n<\/div><\/div><\/div><\/div><\/div>\n","protected":false},"excerpt":{"rendered":"<p>Weight 18K gold (750\/1000th): 1.85 gr<br \/>\nFine faceted stone: 8mm<br \/>\nCircle diameter: 10mm<br \/>\nChain length: 42cm, one intermediate ring at 40cm.<br \/>\n<strong>Imagin\u00e9 &amp; cr\u00e9\u00e9 en France<\/strong><br \/>\nPlease allow up to 3 weeks for delivery.<\/p>\n","protected":false},"featured_media":37263,"comment_status":"open","ping_status":"closed","template":"","meta":[],"product_brand":[],"product_cat":[241,249,247,246,252],"product_tag":[],"class_list":{"0":"post-37852","1":"product","2":"type-product","3":"status-publish","4":"has-post-thumbnail","6":"product_cat-are-you-in-a-hurry","7":"product_cat-collections-en","8":"product_cat-my-little-en","9":"product_cat-necklaces","10":"product_cat-necklaces-en","12":"first","13":"instock","14":"taxable","15":"shipping-taxable","16":"purchasable","17":"product-type-variable","18":"has-default-attributes"},"_links":{"self":[{"href":"https:\/\/www.paolazovar.com\/en\/wp-json\/wp\/v2\/product\/37852","targetHints":{"allow":["GET"]}}],"collection":[{"href":"https:\/\/www.paolazovar.com\/en\/wp-json\/wp\/v2\/product"}],"about":[{"href":"https:\/\/www.paolazovar.com\/en\/wp-json\/wp\/v2\/types\/product"}],"replies":[{"embeddable":true,"href":"https:\/\/www.paolazovar.com\/en\/wp-json\/wp\/v2\/comments?post=37852"}],"wp:featuredmedia":[{"embeddable":true,"href":"https:\/\/www.paolazovar.com\/en\/wp-json\/wp\/v2\/media\/37263"}],"wp:attachment":[{"href":"https:\/\/www.paolazovar.com\/en\/wp-json\/wp\/v2\/media?parent=37852"}],"wp:term":[{"taxonomy":"product_brand","embeddable":true,"href":"https:\/\/www.paolazovar.com\/en\/wp-json\/wp\/v2\/product_brand?post=37852"},{"taxonomy":"product_cat","embeddable":true,"href":"https:\/\/www.paolazovar.com\/en\/wp-json\/wp\/v2\/product_cat?post=37852"},{"taxonomy":"product_tag","embeddable":true,"href":"https:\/\/www.paolazovar.com\/en\/wp-json\/wp\/v2\/product_tag?post=37852"}],"curies":[{"name":"wp","href":"https:\/\/api.w.org\/{rel}","templated":true}]}}